{"id":839,"date":"2024-02-01T16:32:05","date_gmt":"2024-02-01T15:32:05","guid":{"rendered":"http:\/\/www.aarflotmusic.se\/site\/?page_id=839"},"modified":"2024-02-01T16:32:05","modified_gmt":"2024-02-01T15:32:05","slug":"valkommen","status":"publish","type":"page","link":"https:\/\/www.aarflotmusic.se\/site\/valkommen\/","title":{"rendered":"V\u00e4lkommen!"},"content":{"rendered":"<div class=\"wp-block-image\">\n<figure class=\"alignright size-full is-resized\"><span class=\"frame-outer  wp-image-1224\" style=\"width:179px;height:auto\"><span><span><span><span><img loading=\"lazy\" decoding=\"async\" width=\"200\" height=\"200\" src=\"https:\/\/www.aarflotmusic.se\/site\/wp-content\/uploads\/2024\/01\/Andreas_200x200_01281-2.jpg\" alt=\"\" class=\"wp-image-1224\" \/><\/span><\/span><\/span><\/span><\/span><\/figure>\n<\/div>\n\n<p>Andreas Aarflot Musikproduktion startades 1994 och har som huvudinriktning att komponera och arrangera musik. <\/p>\n<p>Har utf\u00f6rt uppdrag till bl.a. f\u00f6ljande produktioner och orkestrar:<\/p>\n<ul>\n<li>Idrottsgalan i SR Kanal 1, 2000-2016, Svante Perssons orkester.<\/li>\n<li>Nationalsdagsfirande p\u00e5 Skansen med Arm\u00e9ns musikk\u00e5r och Svante Persson orkester.<\/li>\n<li>Polar Prize-konserter med Radiosymfonikerna.<\/li>\n<li><em>Bj\u00f6rn &amp; Benny-galan<\/em> -98 och <em>Abba the Tribute<\/em> -02 i Globen med G\u00f6teborgs Symfoniorkester.<\/li>\n<li>Robert Wells, <em>Rhapsody in Rock<\/em>.<\/li>\n<li><em>On Stage<\/em>, 2002-2012. Julshow.<\/li>\n<li>Christmas Night, 2022-2023, Julshow.<\/li>\n<li>Storbandsjazz med <em>Mats Holmquist Stora Stygga<\/em>.<\/li>\n<li>Filmmusik till spelfilmen <em>\u00c4lska mig<\/em> av Kay Pollak.<\/li>\n<li>Musik till TV-filmen <em>Inf\u00f6dingen<\/em> av Roger Sellberg med Lennart J\u00e4hkel, Cia Berg m.fl.<\/li>\n<li>Arrang\u00f6r och kapellm\u00e4stare p\u00e5 <em>West Side Story<\/em>, Riksteatern 92-93 i regi av Magnus Bergquist.<\/li>\n<li><em>Det Rivna Pianot<\/em>, 1977, LP utgiven av det Lule\u00e5baserade skivbolaget Manifest.<\/li>\n<li><em>Gruffet i Chiozza<\/em>, teatermusik till texter av Lars Forsell, Sommarteatern i S\u00f6dert\u00e4lje -84<\/li>\n<\/ul>\n<p>Har arrangerat f\u00f6r bl.a. f\u00f6ljande artister:<\/p>\n<p>Erik Rydvall (nyckelharpa), Kristine West (blockfl\u00f6jt), Stefan Andersson, Tommy K\u00f6rberg, Peter Asplund, Rigmor Gustavsson, Eric Gadd, Arne Domn\u00e9rus, Svante Thuresson, Anneli Ryd\u00e9, Bj\u00f6rn Skifs, Jan Johansen, Carola, Charlotte Perrelli, Jill Johnson, LaGaylia Frazier, Malena Ernman, Magnus Uggla, \u00c5sa F\u00e5ng, Jan \u00c5str\u00f6m, Jan Malmsj\u00f6, Tomas Ledin, Martin Stenmarck, Peter Johansson, Robert Wells, Darin, Timo R\u00e4isinen, Sofia Jannok, Magnus Carlsson, Gunilla Backman, Lisa Miskovsky, Veronica Maggio &#8230;<\/p>\n<p>och internationella artister som:<\/p>\n<p>Sanne Salomonsen, Kate Ryan, Yohanna, Johnny Logan, Katie Melua, Olsen Brothers, Lionel Richie &#8230;<\/p>\n<p>Saknar du arr eller noter p\u00e5 n\u00e5gon l\u00e5t? Mitt notbibliotek best\u00e5r av n\u00e4rmare 2000 titlar, den kan finnas d\u00e4r!<\/p>\n<p style=\"text-align: center;\"><span class=\"frame-outer  small size-full wp-image-521 aligncenter\"><span><span><span><span><a href=\"https:\/\/www.aarflotmusic.se\/site\/valkommen\/drumset_grey\/\" rel=\"attachment wp-att-521\"><img loading=\"lazy\" decoding=\"async\" class=\"size-full wp-image-521 aligncenter\" title=\"drumset_grey\" src=\"https:\/\/www.aarflotmusic.se\/site\/wp-content\/uploads\/2012\/01\/drumset_grey.gif\" alt=\"\" width=\"210\" height=\"122\" \/><\/a><\/span><\/span><\/span><\/span><\/span><\/p>","protected":false},"excerpt":{"rendered":"<p>Andreas Aarflot Musikproduktion startades 1994 och har som huvudinriktning att komponera och arrangera musik. Har utf\u00f6rt uppdrag till bl.a. f\u00f6ljande produktioner och orkestrar: Idrottsgalan i SR Kanal 1, 2000-2016, Svante Perssons orkester. Nationalsdagsfirande p\u00e5 Skansen med Arm\u00e9ns musikk\u00e5r och Svante Persson orkester. Polar Prize-konserter med Radiosymfonikerna. Bj\u00f6rn &amp; Benny-galan -98 och Abba the Tribute -02 [&hellip;]<\/p>\n","protected":false},"author":1,"featured_media":0,"parent":0,"menu_order":0,"comment_status":"closed","ping_status":"closed","template":"","meta":{"footnotes":""},"class_list":["post-839","page","type-page","status-publish","hentry"],"yoast_head":"<!-- This site is optimized with the Yoast SEO plugin v27.5 - https:\/\/yoast.com\/product\/yoast-seo-wordpress\/ -->\n<title>V\u00e4lkommen!<\/title>\n<meta name=\"description\" content=\"Andreas Aarflot Musikproduktion startades 1994 och har som huvudinriktning att komponera och arrangera musik. Har utf\u00f6rt uppdrag till bl.a. f\u00f6ljande\" \/>\n<meta name=\"robots\" content=\"index, follow, max-snippet:-1, max-image-preview:large, max-video-preview:-1\" \/>\n<link rel=\"canonical\" href=\"https:\/\/www.aarflotmusic.se\/site\/valkommen\/\" \/>\n<meta name=\"twitter:label1\" content=\"Est. reading time\" \/>\n\t<meta name=\"twitter:data1\" content=\"2 minutes\" \/>\n<script type=\"application\/ld+json\" class=\"yoast-schema-graph\">{\"@context\":\"https:\\\/\\\/schema.org\",\"@graph\":[{\"@type\":\"WebPage\",\"@id\":\"https:\\\/\\\/www.aarflotmusic.se\\\/site\\\/valkommen\\\/\",\"url\":\"https:\\\/\\\/www.aarflotmusic.se\\\/site\\\/valkommen\\\/\",\"name\":\"V\u00e4lkommen!\",\"isPartOf\":{\"@id\":\"https:\\\/\\\/www.aarflotmusic.se\\\/site\\\/#website\"},\"primaryImageOfPage\":{\"@id\":\"https:\\\/\\\/www.aarflotmusic.se\\\/site\\\/valkommen\\\/#primaryimage\"},\"image\":{\"@id\":\"https:\\\/\\\/www.aarflotmusic.se\\\/site\\\/valkommen\\\/#primaryimage\"},\"thumbnailUrl\":\"http:\\\/\\\/www.aarflotmusic.se\\\/site\\\/wp-content\\\/uploads\\\/2024\\\/01\\\/Andreas_200x200_01281-2.jpg\",\"datePublished\":\"2024-02-01T15:32:05+00:00\",\"description\":\"Andreas Aarflot Musikproduktion startades 1994 och har som huvudinriktning att komponera och arrangera musik. Har utf\u00f6rt uppdrag till bl.a. f\u00f6ljande\",\"breadcrumb\":{\"@id\":\"https:\\\/\\\/www.aarflotmusic.se\\\/site\\\/valkommen\\\/#breadcrumb\"},\"inLanguage\":\"en-US\",\"potentialAction\":[{\"@type\":\"ReadAction\",\"target\":[\"https:\\\/\\\/www.aarflotmusic.se\\\/site\\\/valkommen\\\/\"]}]},{\"@type\":\"ImageObject\",\"inLanguage\":\"en-US\",\"@id\":\"https:\\\/\\\/www.aarflotmusic.se\\\/site\\\/valkommen\\\/#primaryimage\",\"url\":\"http:\\\/\\\/www.aarflotmusic.se\\\/site\\\/wp-content\\\/uploads\\\/2024\\\/01\\\/Andreas_200x200_01281-2.jpg\",\"contentUrl\":\"http:\\\/\\\/www.aarflotmusic.se\\\/site\\\/wp-content\\\/uploads\\\/2024\\\/01\\\/Andreas_200x200_01281-2.jpg\"},{\"@type\":\"BreadcrumbList\",\"@id\":\"https:\\\/\\\/www.aarflotmusic.se\\\/site\\\/valkommen\\\/#breadcrumb\",\"itemListElement\":[{\"@type\":\"ListItem\",\"position\":1,\"name\":\"Home\",\"item\":\"https:\\\/\\\/www.aarflotmusic.se\\\/site\\\/\"},{\"@type\":\"ListItem\",\"position\":2,\"name\":\"V\u00e4lkommen!\"}]},{\"@type\":\"WebSite\",\"@id\":\"https:\\\/\\\/www.aarflotmusic.se\\\/site\\\/#website\",\"url\":\"https:\\\/\\\/www.aarflotmusic.se\\\/site\\\/\",\"name\":\"Andreas Aarflot Musikproduktion\",\"description\":\"Home\",\"potentialAction\":[{\"@type\":\"SearchAction\",\"target\":{\"@type\":\"EntryPoint\",\"urlTemplate\":\"https:\\\/\\\/www.aarflotmusic.se\\\/site\\\/?s={search_term_string}\"},\"query-input\":{\"@type\":\"PropertyValueSpecification\",\"valueRequired\":true,\"valueName\":\"search_term_string\"}}],\"inLanguage\":\"en-US\"}]}<\/script>\n<!-- \/ Yoast SEO plugin. -->","yoast_head_json":{"title":"V\u00e4lkommen!","description":"Andreas Aarflot Musikproduktion startades 1994 och har som huvudinriktning att komponera och arrangera musik. Har utf\u00f6rt uppdrag till bl.a. f\u00f6ljande","robots":{"index":"index","follow":"follow","max-snippet":"max-snippet:-1","max-image-preview":"max-image-preview:large","max-video-preview":"max-video-preview:-1"},"canonical":"https:\/\/www.aarflotmusic.se\/site\/valkommen\/","twitter_misc":{"Est. reading time":"2 minutes"},"schema":{"@context":"https:\/\/schema.org","@graph":[{"@type":"WebPage","@id":"https:\/\/www.aarflotmusic.se\/site\/valkommen\/","url":"https:\/\/www.aarflotmusic.se\/site\/valkommen\/","name":"V\u00e4lkommen!","isPartOf":{"@id":"https:\/\/www.aarflotmusic.se\/site\/#website"},"primaryImageOfPage":{"@id":"https:\/\/www.aarflotmusic.se\/site\/valkommen\/#primaryimage"},"image":{"@id":"https:\/\/www.aarflotmusic.se\/site\/valkommen\/#primaryimage"},"thumbnailUrl":"http:\/\/www.aarflotmusic.se\/site\/wp-content\/uploads\/2024\/01\/Andreas_200x200_01281-2.jpg","datePublished":"2024-02-01T15:32:05+00:00","description":"Andreas Aarflot Musikproduktion startades 1994 och har som huvudinriktning att komponera och arrangera musik. Har utf\u00f6rt uppdrag till bl.a. f\u00f6ljande","breadcrumb":{"@id":"https:\/\/www.aarflotmusic.se\/site\/valkommen\/#breadcrumb"},"inLanguage":"en-US","potentialAction":[{"@type":"ReadAction","target":["https:\/\/www.aarflotmusic.se\/site\/valkommen\/"]}]},{"@type":"ImageObject","inLanguage":"en-US","@id":"https:\/\/www.aarflotmusic.se\/site\/valkommen\/#primaryimage","url":"http:\/\/www.aarflotmusic.se\/site\/wp-content\/uploads\/2024\/01\/Andreas_200x200_01281-2.jpg","contentUrl":"http:\/\/www.aarflotmusic.se\/site\/wp-content\/uploads\/2024\/01\/Andreas_200x200_01281-2.jpg"},{"@type":"BreadcrumbList","@id":"https:\/\/www.aarflotmusic.se\/site\/valkommen\/#breadcrumb","itemListElement":[{"@type":"ListItem","position":1,"name":"Home","item":"https:\/\/www.aarflotmusic.se\/site\/"},{"@type":"ListItem","position":2,"name":"V\u00e4lkommen!"}]},{"@type":"WebSite","@id":"https:\/\/www.aarflotmusic.se\/site\/#website","url":"https:\/\/www.aarflotmusic.se\/site\/","name":"Andreas Aarflot Musikproduktion","description":"Home","potentialAction":[{"@type":"SearchAction","target":{"@type":"EntryPoint","urlTemplate":"https:\/\/www.aarflotmusic.se\/site\/?s={search_term_string}"},"query-input":{"@type":"PropertyValueSpecification","valueRequired":true,"valueName":"search_term_string"}}],"inLanguage":"en-US"}]}},"_links":{"self":[{"href":"https:\/\/www.aarflotmusic.se\/site\/wp-json\/wp\/v2\/pages\/839","targetHints":{"allow":["GET"]}}],"collection":[{"href":"https:\/\/www.aarflotmusic.se\/site\/wp-json\/wp\/v2\/pages"}],"about":[{"href":"https:\/\/www.aarflotmusic.se\/site\/wp-json\/wp\/v2\/types\/page"}],"author":[{"embeddable":true,"href":"https:\/\/www.aarflotmusic.se\/site\/wp-json\/wp\/v2\/users\/1"}],"replies":[{"embeddable":true,"href":"https:\/\/www.aarflotmusic.se\/site\/wp-json\/wp\/v2\/comments?post=839"}],"version-history":[{"count":34,"href":"https:\/\/www.aarflotmusic.se\/site\/wp-json\/wp\/v2\/pages\/839\/revisions"}],"predecessor-version":[{"id":1230,"href":"https:\/\/www.aarflotmusic.se\/site\/wp-json\/wp\/v2\/pages\/839\/revisions\/1230"}],"wp:attachment":[{"href":"https:\/\/www.aarflotmusic.se\/site\/wp-json\/wp\/v2\/media?parent=839"}],"curies":[{"name":"wp","href":"https:\/\/api.w.org\/{rel}","templated":true}]}}